{"id":10442,"date":"2026-05-11T02:12:08","date_gmt":"2026-05-10T23:12:08","guid":{"rendered":"https:\/\/www.rkfestas.com.br\/?post_type=product&#038;p=10442"},"modified":"2026-05-11T02:18:00","modified_gmt":"2026-05-10T23:18:00","slug":"latinha-p-lembrancinha-massari-6898711321613-copia","status":"publish","type":"product","link":"https:\/\/www.rkfestas.com.br\/?product=latinha-p-lembrancinha-massari-6898711321613-copia","title":{"rendered":"Latinha P Lembrancinha Massari 6898711321613 (c\u00f3pia)"},"content":{"rendered":"<p>LATINHA PLASTICA 10 UNIDADES<\/p>\n<p>&nbsp;<\/p>\n<p>Pacote Massari com 10 latinhas usado como lembrancinha colocando doces ou outra coisa de acordo com a capacidade da latinha. Uma op\u00e7\u00e3o divertida e tem\u00e1tica.Podendo ser decorada de acordo a criatividade.<\/p>\n<p>&nbsp;<\/p>\n","protected":false},"excerpt":{"rendered":"<p>LATINHA PLASTICA 10 UNIDADES &nbsp; Pacote Massari com 10 latinhas usado como lembrancinha colocando doces ou outra coisa de acordo com a capacidade da latinha. Uma op\u00e7\u00e3o divertida e tem\u00e1tica.Podendo ser decorada de acordo a criatividade. &nbsp;<\/p>\n","protected":false},"featured_media":10444,"comment_status":"open","ping_status":"closed","template":"","meta":{"content-type":""},"product_brand":[],"product_cat":[495],"product_tag":[],"class_list":{"0":"post-10442","1":"product","2":"type-product","3":"status-publish","4":"has-post-thumbnail","6":"product_cat-decoracao","8":"first","9":"instock","10":"shipping-taxable","11":"purchasable","12":"product-type-simple"},"_links":{"self":[{"href":"https:\/\/www.rkfestas.com.br\/index.php?rest_route=\/wp\/v2\/product\/10442","targetHints":{"allow":["GET"]}}],"collection":[{"href":"https:\/\/www.rkfestas.com.br\/index.php?rest_route=\/wp\/v2\/product"}],"about":[{"href":"https:\/\/www.rkfestas.com.br\/index.php?rest_route=\/wp\/v2\/types\/product"}],"replies":[{"embeddable":true,"href":"https:\/\/www.rkfestas.com.br\/index.php?rest_route=%2Fwp%2Fv2%2Fcomments&post=10442"}],"wp:featuredmedia":[{"embeddable":true,"href":"https:\/\/www.rkfestas.com.br\/index.php?rest_route=\/wp\/v2\/media\/10444"}],"wp:attachment":[{"href":"https:\/\/www.rkfestas.com.br\/index.php?rest_route=%2Fwp%2Fv2%2Fmedia&parent=10442"}],"wp:term":[{"taxonomy":"product_brand","embeddable":true,"href":"https:\/\/www.rkfestas.com.br\/index.php?rest_route=%2Fwp%2Fv2%2Fproduct_brand&post=10442"},{"taxonomy":"product_cat","embeddable":true,"href":"https:\/\/www.rkfestas.com.br\/index.php?rest_route=%2Fwp%2Fv2%2Fproduct_cat&post=10442"},{"taxonomy":"product_tag","embeddable":true,"href":"https:\/\/www.rkfestas.com.br\/index.php?rest_route=%2Fwp%2Fv2%2Fproduct_tag&post=10442"}],"curies":[{"name":"wp","href":"https:\/\/api.w.org\/{rel}","templated":true}]}}